{"id":90,"date":"2024-05-09T22:45:55","date_gmt":"2024-05-09T20:45:55","guid":{"rendered":"https:\/\/associationshan.org\/?page_id=90"},"modified":"2024-05-09T22:50:16","modified_gmt":"2024-05-09T20:50:16","slug":"a-propos","status":"publish","type":"page","link":"https:\/\/associationshan.org\/index.php\/a-propos\/","title":{"rendered":"A Propos"},"content":{"rendered":"\n<p>L\u2019association SHAN est cr\u00e9\u00e9e pour d\u00e9velopper et promouvoir &nbsp;la m\u00e9decine chinoise dans l\u2019oc\u00e9an indien. Elle est dirig\u00e9e par &nbsp;M. &nbsp;Maholida Amad, docteur en m\u00e9decine chinoise.<\/p>\n\n\n\n<p>L\u2019association va \u00e9galement soutenir le projet d\u2019ouverture d\u2019un centre de M\u00e9decine Traditionnelle &nbsp;Chinoise \u00e0 &nbsp;Majunga, ville situ\u00e9e \u00e0 l\u2019ouest de Madagascar.&nbsp;<\/p>\n\n\n\n<p>Ce centre disposera d\u2019une structure de soins en acupuncture, pharmacop\u00e9e , massages Tuina, &nbsp;etc.&nbsp;<\/p>\n\n\n\n<p>L\u2019association collabore \u00e9troitement avec l\u2019universit\u00e9 de M\u00e9decine Traditionnelle Chinoise de Nanjing RP de Chine ainsi qu\u2019avec la soci\u00e9t\u00e9 chinoise OG Pharma. &nbsp;Elle permettra \u00e9galement \u00e0 &nbsp;des \u00e9tudiants d\u2019effectuer des stages \u00e0 Majunga et en Chine.<\/p>\n\n\n\n<p>Des cours de Qi Gong seront \u00e9galement dispens\u00e9s sur place.<\/p>\n","protected":false},"excerpt":{"rendered":"<p>L\u2019association SHAN est cr\u00e9\u00e9e pour d\u00e9velopper et promouvoir &nbsp;la m\u00e9decine chinoise dans l\u2019oc\u00e9an indien. Elle est dirig\u00e9e par &nbsp;M. &nbsp;Maholida Amad, docteur en m\u00e9decine chinoise. L\u2019association va \u00e9galement soutenir le projet d\u2019ouverture d\u2019un centre de M\u00e9decine Traditionnelle &nbsp;Chinoise \u00e0 &nbsp;Majunga, ville situ\u00e9e \u00e0 l\u2019ouest de Madagascar.&nbsp; Ce centre disposera d\u2019une structure de soins en acupuncture, [&hellip;]<\/p>\n","protected":false},"author":1,"featured_media":0,"parent":0,"menu_order":0,"comment_status":"closed","ping_status":"closed","template":"","meta":{"footnotes":""},"class_list":["post-90","page","type-page","status-publish","hentry"],"_links":{"self":[{"href":"https:\/\/associationshan.org\/index.php\/wp-json\/wp\/v2\/pages\/90","targetHints":{"allow":["GET"]}}],"collection":[{"href":"https:\/\/associationshan.org\/index.php\/wp-json\/wp\/v2\/pages"}],"about":[{"href":"https:\/\/associationshan.org\/index.php\/wp-json\/wp\/v2\/types\/page"}],"author":[{"embeddable":true,"href":"https:\/\/associationshan.org\/index.php\/wp-json\/wp\/v2\/users\/1"}],"replies":[{"embeddable":true,"href":"https:\/\/associationshan.org\/index.php\/wp-json\/wp\/v2\/comments?post=90"}],"version-history":[{"count":2,"href":"https:\/\/associationshan.org\/index.php\/wp-json\/wp\/v2\/pages\/90\/revisions"}],"predecessor-version":[{"id":94,"href":"https:\/\/associationshan.org\/index.php\/wp-json\/wp\/v2\/pages\/90\/revisions\/94"}],"wp:attachment":[{"href":"https:\/\/associationshan.org\/index.php\/wp-json\/wp\/v2\/media?parent=90"}],"curies":[{"name":"wp","href":"https:\/\/api.w.org\/{rel}","templated":true}]}}